{"id":7820,"date":"2022-02-16T11:12:23","date_gmt":"2022-02-16T11:12:23","guid":{"rendered":"https:\/\/vinilosracing.es\/?page_id=7820"},"modified":"2022-02-16T11:16:07","modified_gmt":"2022-02-16T11:16:07","slug":"formas-de-pago","status":"publish","type":"page","link":"https:\/\/vinilosracing.es\/index.php\/formas-de-pago\/","title":{"rendered":"Formas de Pago"},"content":{"rendered":"\t\t<div data-elementor-type=\"wp-page\" data-elementor-id=\"7820\" class=\"elementor elementor-7820\">\n\t\t\t\t\t\t\t\t\t<section class=\"elementor-section elementor-top-section elementor-element elementor-element-31df837 elementor-section-boxed elementor-section-height-default elementor-section-height-default\" data-id=\"31df837\" data-element_type=\"section\">\n\t\t\t\t\t\t<div class=\"elementor-container elementor-column-gap-default\">\n\t\t\t\t\t<div class=\"elementor-column elementor-col-100 elementor-top-column elementor-element elementor-element-ab67e56\" data-id=\"ab67e56\" data-element_type=\"column\">\n\t\t\t<div class=\"elementor-widget-wrap elementor-element-populated\">\n\t\t\t\t\t\t\t\t<div class=\"elementor-element elementor-element-3dc5dac elementor-widget elementor-widget-heading\" data-id=\"3dc5dac\" data-element_type=\"widget\" data-widget_type=\"heading.default\">\n\t\t\t\t<div class=\"elementor-widget-container\">\n\t\t\t<style>\/*! elementor - v3.8.0 - 30-10-2022 *\/\n.elementor-heading-title{padding:0;margin:0;line-height:1}.elementor-widget-heading .elementor-heading-title[class*=elementor-size-]>a{color:inherit;font-size:inherit;line-height:inherit}.elementor-widget-heading .elementor-heading-title.elementor-size-small{font-size:15px}.elementor-widget-heading .elementor-heading-title.elementor-size-medium{font-size:19px}.elementor-widget-heading .elementor-heading-title.elementor-size-large{font-size:29px}.elementor-widget-heading .elementor-heading-title.elementor-size-xl{font-size:39px}.elementor-widget-heading .elementor-heading-title.elementor-size-xxl{font-size:59px}<\/style><h2 class=\"elementor-heading-title elementor-size-default\">Formas de Pago<\/h2>\t\t<\/div>\n\t\t\t\t<\/div>\n\t\t\t\t<div class=\"elementor-element elementor-element-e3788c9 elementor-widget elementor-widget-text-editor\" data-id=\"e3788c9\" data-element_type=\"widget\" data-widget_type=\"text-editor.default\">\n\t\t\t\t<div class=\"elementor-widget-container\">\n\t\t\t<style>\/*! elementor - v3.8.0 - 30-10-2022 *\/\n.elementor-widget-text-editor.elementor-drop-cap-view-stacked .elementor-drop-cap{background-color:#818a91;color:#fff}.elementor-widget-text-editor.elementor-drop-cap-view-framed .elementor-drop-cap{color:#818a91;border:3px solid;background-color:transparent}.elementor-widget-text-editor:not(.elementor-drop-cap-view-default) .elementor-drop-cap{margin-top:8px}.elementor-widget-text-editor:not(.elementor-drop-cap-view-default) .elementor-drop-cap-letter{width:1em;height:1em}.elementor-widget-text-editor .elementor-drop-cap{float:left;text-align:center;line-height:1;font-size:50px}.elementor-widget-text-editor .elementor-drop-cap-letter{display:inline-block}<\/style>\t\t\t\t<p>Trabajamos con 4 formas de pago diferentes y seguras, para hacerte m\u00e1s c\u00f3modo t\u00fa pago.<br \/>Todas las transacciones realizadas a trav\u00e9s de nuestra web son 100% seguras, todas las operaciones que conlleven transmisi\u00f3n de datos personales o bancarios se realizaran en entorno seguro. Nuestra tienda vinilosracing.es utiliza un servidor con SSL (Secure Socked Layer) tecnolog\u00eda de seguridad est\u00e1ndar. Asegurando que toda la informaci\u00f3n viajar\u00e1 cifrada a trav\u00e9s de la red.<\/p><p>* Transferencia bancaria recibir\u00e1 por email la cuenta para poder hacer la transferencia bancaria, hay que indicar el concepto que se le indicar\u00e1 en el mismo mail. Una vez hecha la transferencia tendr\u00e1 que remitirnos el comprobante a la misma direcci\u00f3n de email.<br \/>* Tarjeta Bancaria a trav\u00e9s de la pasarela segura de \u201cRedSys\u201d<br \/>* Paypal se le redireccionar\u00e1 directamente a la web de * Paypal para poder hacer el pago<br \/>* Bizum<\/p>\t\t\t\t\t\t<\/div>\n\t\t\t\t<\/div>\n\t\t\t\t\t<\/div>\n\t\t<\/div>\n\t\t\t\t\t\t\t<\/div>\n\t\t<\/section>\n\t\t\t\t\t\t\t<\/div>\n\t\t","protected":false},"excerpt":{"rendered":"<p>Formas de Pago Trabajamos con 4 formas de pago diferentes y seguras, para hacerte m\u00e1s c\u00f3modo t\u00fa pago.Todas las transacciones realizadas a trav\u00e9s de nuestra web son 100% seguras, todas las operaciones que conlleven transmisi\u00f3n de datos personales o bancarios se realizaran en entorno seguro. Nuestra tienda vinilosracing.es utiliza un servidor con SSL (Secure Socked<a class=\"more-link\" href=\"https:\/\/vinilosracing.es\/index.php\/formas-de-pago\/\">Ver m\u00e1s  &#10230;<\/a><\/p>\n","protected":false},"author":1,"featured_media":0,"parent":0,"menu_order":0,"comment_status":"closed","ping_status":"closed","template":"","meta":{"footnotes":""},"class_list":["post-7820","page","type-page","status-publish","hentry"],"yoast_head":"<!-- This site is optimized with the Yoast SEO Premium plugin v19.5 (Yoast SEO v19.10) - https:\/\/yoast.com\/wordpress\/plugins\/seo\/ -->\n<title>Formas de Pago - VinilosRacing<\/title>\n<meta name=\"robots\" content=\"index, follow, max-snippet:-1, max-image-preview:large, max-video-preview:-1\" \/>\n<link rel=\"canonical\" href=\"http:\/\/vinilosracing.es\/index.php\/formas-de-pago\/\" \/>\n<meta property=\"og:locale\" content=\"es_ES\" \/>\n<meta property=\"og:type\" content=\"article\" \/>\n<meta property=\"og:title\" content=\"Formas de Pago\" \/>\n<meta property=\"og:description\" content=\"Formas de Pago Trabajamos con 4 formas de pago diferentes y seguras, para hacerte m\u00e1s c\u00f3modo t\u00fa pago.Todas las transacciones realizadas a trav\u00e9s de nuestra web son 100% seguras, todas las operaciones que conlleven transmisi\u00f3n de datos personales o bancarios se realizaran en entorno seguro. Nuestra tienda vinilosracing.es utiliza un servidor con SSL (Secure SockedVer m\u00e1s &#10230;\" \/>\n<meta property=\"og:url\" content=\"http:\/\/vinilosracing.es\/index.php\/formas-de-pago\/\" \/>\n<meta property=\"og:site_name\" content=\"VinilosRacing\" \/>\n<meta property=\"article:modified_time\" content=\"2022-02-16T11:16:07+00:00\" \/>\n<meta name=\"twitter:card\" content=\"summary_large_image\" \/>\n<meta name=\"twitter:label1\" content=\"Tiempo de lectura\" \/>\n\t<meta name=\"twitter:data1\" content=\"1 minuto\" \/>\n<script type=\"application\/ld+json\" class=\"yoast-schema-graph\">{\"@context\":\"https:\/\/schema.org\",\"@graph\":[{\"@type\":\"WebPage\",\"@id\":\"http:\/\/vinilosracing.es\/index.php\/formas-de-pago\/\",\"url\":\"http:\/\/vinilosracing.es\/index.php\/formas-de-pago\/\",\"name\":\"Formas de Pago - VinilosRacing\",\"isPartOf\":{\"@id\":\"http:\/\/vinilosracing.es\/#website\"},\"datePublished\":\"2022-02-16T11:12:23+00:00\",\"dateModified\":\"2022-02-16T11:16:07+00:00\",\"breadcrumb\":{\"@id\":\"http:\/\/vinilosracing.es\/index.php\/formas-de-pago\/#breadcrumb\"},\"inLanguage\":\"es\",\"potentialAction\":[{\"@type\":\"ReadAction\",\"target\":[\"http:\/\/vinilosracing.es\/index.php\/formas-de-pago\/\"]}]},{\"@type\":\"BreadcrumbList\",\"@id\":\"http:\/\/vinilosracing.es\/index.php\/formas-de-pago\/#breadcrumb\",\"itemListElement\":[{\"@type\":\"ListItem\",\"position\":1,\"name\":\"Home\",\"item\":\"http:\/\/vinilosracing.es\/\"},{\"@type\":\"ListItem\",\"position\":2,\"name\":\"Formas de Pago\"}]},{\"@type\":\"WebSite\",\"@id\":\"http:\/\/vinilosracing.es\/#website\",\"url\":\"http:\/\/vinilosracing.es\/\",\"name\":\"VinilosRacing\",\"description\":\"Tienda de vinilos personalizados, infantiles, y pegatinas. los mejores precios en Barcelona\",\"publisher\":{\"@id\":\"http:\/\/vinilosracing.es\/#organization\"},\"alternateName\":\"vinilos decorativos para coche, moto, locales y hogar, vinilos-racing, VinilosRacing\",\"potentialAction\":[{\"@type\":\"SearchAction\",\"target\":{\"@type\":\"EntryPoint\",\"urlTemplate\":\"http:\/\/vinilosracing.es\/?s={search_term_string}\"},\"query-input\":\"required name=search_term_string\"}],\"inLanguage\":\"es\"},{\"@type\":\"Organization\",\"@id\":\"http:\/\/vinilosracing.es\/#organization\",\"name\":\"VinilosRacing\",\"alternateName\":\"vinilos decorativos para coche, moto, locales y hogar, vinilos-racing, VinilosRacing\",\"url\":\"http:\/\/vinilosracing.es\/\",\"logo\":{\"@type\":\"ImageObject\",\"inLanguage\":\"es\",\"@id\":\"http:\/\/vinilosracing.es\/#\/schema\/logo\/image\/\",\"url\":\"https:\/\/vinilosracing.es\/wp-content\/uploads\/2012\/01\/logo-gris-2.png\",\"contentUrl\":\"https:\/\/vinilosracing.es\/wp-content\/uploads\/2012\/01\/logo-gris-2.png\",\"width\":2069,\"height\":2069,\"caption\":\"VinilosRacing\"},\"image\":{\"@id\":\"http:\/\/vinilosracing.es\/#\/schema\/logo\/image\/\"}}]}<\/script>\n<!-- \/ Yoast SEO Premium plugin. -->","yoast_head_json":{"title":"Formas de Pago - VinilosRacing","robots":{"index":"index","follow":"follow","max-snippet":"max-snippet:-1","max-image-preview":"max-image-preview:large","max-video-preview":"max-video-preview:-1"},"canonical":"http:\/\/vinilosracing.es\/index.php\/formas-de-pago\/","og_locale":"es_ES","og_type":"article","og_title":"Formas de Pago","og_description":"Formas de Pago Trabajamos con 4 formas de pago diferentes y seguras, para hacerte m\u00e1s c\u00f3modo t\u00fa pago.Todas las transacciones realizadas a trav\u00e9s de nuestra web son 100% seguras, todas las operaciones que conlleven transmisi\u00f3n de datos personales o bancarios se realizaran en entorno seguro. Nuestra tienda vinilosracing.es utiliza un servidor con SSL (Secure SockedVer m\u00e1s &#10230;","og_url":"http:\/\/vinilosracing.es\/index.php\/formas-de-pago\/","og_site_name":"VinilosRacing","article_modified_time":"2022-02-16T11:16:07+00:00","twitter_card":"summary_large_image","twitter_misc":{"Tiempo de lectura":"1 minuto"},"schema":{"@context":"https:\/\/schema.org","@graph":[{"@type":"WebPage","@id":"http:\/\/vinilosracing.es\/index.php\/formas-de-pago\/","url":"http:\/\/vinilosracing.es\/index.php\/formas-de-pago\/","name":"Formas de Pago - VinilosRacing","isPartOf":{"@id":"http:\/\/vinilosracing.es\/#website"},"datePublished":"2022-02-16T11:12:23+00:00","dateModified":"2022-02-16T11:16:07+00:00","breadcrumb":{"@id":"http:\/\/vinilosracing.es\/index.php\/formas-de-pago\/#breadcrumb"},"inLanguage":"es","potentialAction":[{"@type":"ReadAction","target":["http:\/\/vinilosracing.es\/index.php\/formas-de-pago\/"]}]},{"@type":"BreadcrumbList","@id":"http:\/\/vinilosracing.es\/index.php\/formas-de-pago\/#breadcrumb","itemListElement":[{"@type":"ListItem","position":1,"name":"Home","item":"http:\/\/vinilosracing.es\/"},{"@type":"ListItem","position":2,"name":"Formas de Pago"}]},{"@type":"WebSite","@id":"http:\/\/vinilosracing.es\/#website","url":"http:\/\/vinilosracing.es\/","name":"VinilosRacing","description":"Tienda de vinilos personalizados, infantiles, y pegatinas. los mejores precios en Barcelona","publisher":{"@id":"http:\/\/vinilosracing.es\/#organization"},"alternateName":"vinilos decorativos para coche, moto, locales y hogar, vinilos-racing, VinilosRacing","potentialAction":[{"@type":"SearchAction","target":{"@type":"EntryPoint","urlTemplate":"http:\/\/vinilosracing.es\/?s={search_term_string}"},"query-input":"required name=search_term_string"}],"inLanguage":"es"},{"@type":"Organization","@id":"http:\/\/vinilosracing.es\/#organization","name":"VinilosRacing","alternateName":"vinilos decorativos para coche, moto, locales y hogar, vinilos-racing, VinilosRacing","url":"http:\/\/vinilosracing.es\/","logo":{"@type":"ImageObject","inLanguage":"es","@id":"http:\/\/vinilosracing.es\/#\/schema\/logo\/image\/","url":"https:\/\/vinilosracing.es\/wp-content\/uploads\/2012\/01\/logo-gris-2.png","contentUrl":"https:\/\/vinilosracing.es\/wp-content\/uploads\/2012\/01\/logo-gris-2.png","width":2069,"height":2069,"caption":"VinilosRacing"},"image":{"@id":"http:\/\/vinilosracing.es\/#\/schema\/logo\/image\/"}}]}},"_links":{"self":[{"href":"https:\/\/vinilosracing.es\/index.php\/wp-json\/wp\/v2\/pages\/7820","targetHints":{"allow":["GET"]}}],"collection":[{"href":"https:\/\/vinilosracing.es\/index.php\/wp-json\/wp\/v2\/pages"}],"about":[{"href":"https:\/\/vinilosracing.es\/index.php\/wp-json\/wp\/v2\/types\/page"}],"author":[{"embeddable":true,"href":"https:\/\/vinilosracing.es\/index.php\/wp-json\/wp\/v2\/users\/1"}],"replies":[{"embeddable":true,"href":"https:\/\/vinilosracing.es\/index.php\/wp-json\/wp\/v2\/comments?post=7820"}],"version-history":[{"count":0,"href":"https:\/\/vinilosracing.es\/index.php\/wp-json\/wp\/v2\/pages\/7820\/revisions"}],"wp:attachment":[{"href":"https:\/\/vinilosracing.es\/index.php\/wp-json\/wp\/v2\/media?parent=7820"}],"curies":[{"name":"wp","href":"https:\/\/api.w.org\/{rel}","templated":true}]}}