{"id":7810,"date":"2022-02-16T11:06:59","date_gmt":"2022-02-16T11:06:59","guid":{"rendered":"https:\/\/vinilosracing.es\/?page_id=7810"},"modified":"2022-02-16T11:09:22","modified_gmt":"2022-02-16T11:09:22","slug":"devoluciones-y-envios","status":"publish","type":"page","link":"https:\/\/vinilosracing.es\/index.php\/devoluciones-y-envios\/","title":{"rendered":"Devoluciones y Env\u00edos"},"content":{"rendered":"\t\t<div data-elementor-type=\"wp-page\" data-elementor-id=\"7810\" class=\"elementor elementor-7810\">\n\t\t\t\t\t\t\t\t\t<section class=\"elementor-section elementor-top-section elementor-element elementor-element-4e3b7e9 elementor-section-boxed elementor-section-height-default elementor-section-height-default\" data-id=\"4e3b7e9\" data-element_type=\"section\">\n\t\t\t\t\t\t<div class=\"elementor-container elementor-column-gap-default\">\n\t\t\t\t\t<div class=\"elementor-column elementor-col-100 elementor-top-column elementor-element elementor-element-394775e\" data-id=\"394775e\" data-element_type=\"column\">\n\t\t\t<div class=\"elementor-widget-wrap elementor-element-populated\">\n\t\t\t\t\t\t\t\t<div class=\"elementor-element elementor-element-66710be elementor-widget elementor-widget-heading\" data-id=\"66710be\" data-element_type=\"widget\" data-widget_type=\"heading.default\">\n\t\t\t\t<div class=\"elementor-widget-container\">\n\t\t\t<style>\/*! elementor - v3.8.0 - 30-10-2022 *\/\n.elementor-heading-title{padding:0;margin:0;line-height:1}.elementor-widget-heading .elementor-heading-title[class*=elementor-size-]>a{color:inherit;font-size:inherit;line-height:inherit}.elementor-widget-heading .elementor-heading-title.elementor-size-small{font-size:15px}.elementor-widget-heading .elementor-heading-title.elementor-size-medium{font-size:19px}.elementor-widget-heading .elementor-heading-title.elementor-size-large{font-size:29px}.elementor-widget-heading .elementor-heading-title.elementor-size-xl{font-size:39px}.elementor-widget-heading .elementor-heading-title.elementor-size-xxl{font-size:59px}<\/style><h2 class=\"elementor-heading-title elementor-size-default\">Devoluciones y Envios<\/h2>\t\t<\/div>\n\t\t\t\t<\/div>\n\t\t\t\t<div class=\"elementor-element elementor-element-cf7511e elementor-widget elementor-widget-text-editor\" data-id=\"cf7511e\" data-element_type=\"widget\" data-widget_type=\"text-editor.default\">\n\t\t\t\t<div class=\"elementor-widget-container\">\n\t\t\t<style>\/*! elementor - v3.8.0 - 30-10-2022 *\/\n.elementor-widget-text-editor.elementor-drop-cap-view-stacked .elementor-drop-cap{background-color:#818a91;color:#fff}.elementor-widget-text-editor.elementor-drop-cap-view-framed .elementor-drop-cap{color:#818a91;border:3px solid;background-color:transparent}.elementor-widget-text-editor:not(.elementor-drop-cap-view-default) .elementor-drop-cap{margin-top:8px}.elementor-widget-text-editor:not(.elementor-drop-cap-view-default) .elementor-drop-cap-letter{width:1em;height:1em}.elementor-widget-text-editor .elementor-drop-cap{float:left;text-align:center;line-height:1;font-size:50px}.elementor-widget-text-editor .elementor-drop-cap-letter{display:inline-block}<\/style>\t\t\t\t<p>El comprador dispone de 14 d\u00edas naturales para hacer la devoluci\u00f3n del producto con el que no est\u00e1 satisfecho. Dentro de este plazo, podr\u00e1 devolver el producto (los gastos de env\u00edo correr\u00e1n por cuenta del comprador, a trav\u00e9s de la empresa de Correos y mediante el mismo m\u00e9todo que se le envi\u00f3) y en el mismo paquete debe adjuntar la hoja de compra que adjuntamos con su pedido.<\/p><p>El desistimiento no requiere motivo. Dicho derecho de desistimiento no ser\u00e1 aplicable a los productos personalizados para el cliente.<\/p><p>Debe proteger el pedido para no sufrir da\u00f1os en el transporte, devuelva el art\u00edculo completo, sin ning\u00fan tipo de manipulaci\u00f3n. Todo art\u00edculo devuelvo con signos de manipulaci\u00f3n no ser\u00e1 reconocido como devoluci\u00f3n.<br \/>Los cargos por devoluci\u00f3n de un desistimiento corren a cargo del comprador, y la empresa le abonar\u00e1 el importe del art\u00edculo.<\/p><p>\u00bfC\u00f3mo realizar el desistimiento?<br \/>Para realizar una correcta devoluci\u00f3n deber\u00e1 seguir los siguientes pasos:<br \/>\u2981 Enviar un mail a \u2981 devoluciones@vinilosracing.es indicando el n\u00famero de pedido y el motivo de la devoluci\u00f3n.<br \/>\u2981 A continuaci\u00f3n, le contestaremos con los siguientes pasas para realizar la devoluci\u00f3n.<\/p><p>La direcci\u00f3n de env\u00edo ser\u00e1<br \/>Vinilos-Racing<br \/>Apartado de Correos 24<br \/>08186 Llissa d\u2019amunt<br \/>Barcelona (Espa\u00f1a)<\/p>\t\t\t\t\t\t<\/div>\n\t\t\t\t<\/div>\n\t\t\t\t\t<\/div>\n\t\t<\/div>\n\t\t\t\t\t\t\t<\/div>\n\t\t<\/section>\n\t\t\t\t\t\t\t<\/div>\n\t\t","protected":false},"excerpt":{"rendered":"<p>Devoluciones y Envios El comprador dispone de 14 d\u00edas naturales para hacer la devoluci\u00f3n del producto con el que no est\u00e1 satisfecho. Dentro de este plazo, podr\u00e1 devolver el producto (los gastos de env\u00edo correr\u00e1n por cuenta del comprador, a trav\u00e9s de la empresa de Correos y mediante el mismo m\u00e9todo que se le envi\u00f3)<a class=\"more-link\" href=\"https:\/\/vinilosracing.es\/index.php\/devoluciones-y-envios\/\">Ver m\u00e1s  &#10230;<\/a><\/p>\n","protected":false},"author":1,"featured_media":0,"parent":0,"menu_order":0,"comment_status":"closed","ping_status":"closed","template":"","meta":{"footnotes":""},"class_list":["post-7810","page","type-page","status-publish","hentry"],"yoast_head":"<!-- This site is optimized with the Yoast SEO Premium plugin v19.5 (Yoast SEO v19.10) - https:\/\/yoast.com\/wordpress\/plugins\/seo\/ -->\n<title>Devoluciones y Env\u00edos - VinilosRacing<\/title>\n<meta name=\"robots\" content=\"index, follow, max-snippet:-1, max-image-preview:large, max-video-preview:-1\" \/>\n<link rel=\"canonical\" href=\"https:\/\/vinilosracing.es\/index.php\/devoluciones-y-envios\/\" \/>\n<meta property=\"og:locale\" content=\"es_ES\" \/>\n<meta property=\"og:type\" content=\"article\" \/>\n<meta property=\"og:title\" content=\"Devoluciones y Env\u00edos\" \/>\n<meta property=\"og:description\" content=\"Devoluciones y Envios El comprador dispone de 14 d\u00edas naturales para hacer la devoluci\u00f3n del producto con el que no est\u00e1 satisfecho. Dentro de este plazo, podr\u00e1 devolver el producto (los gastos de env\u00edo correr\u00e1n por cuenta del comprador, a trav\u00e9s de la empresa de Correos y mediante el mismo m\u00e9todo que se le envi\u00f3)Ver m\u00e1s &#10230;\" \/>\n<meta property=\"og:url\" content=\"https:\/\/vinilosracing.es\/index.php\/devoluciones-y-envios\/\" \/>\n<meta property=\"og:site_name\" content=\"VinilosRacing\" \/>\n<meta property=\"article:modified_time\" content=\"2022-02-16T11:09:22+00:00\" \/>\n<meta name=\"twitter:card\" content=\"summary_large_image\" \/>\n<meta name=\"twitter:label1\" content=\"Tiempo de lectura\" \/>\n\t<meta name=\"twitter:data1\" content=\"1 minuto\" \/>\n<script type=\"application\/ld+json\" class=\"yoast-schema-graph\">{\"@context\":\"https:\/\/schema.org\",\"@graph\":[{\"@type\":\"WebPage\",\"@id\":\"https:\/\/vinilosracing.es\/index.php\/devoluciones-y-envios\/\",\"url\":\"https:\/\/vinilosracing.es\/index.php\/devoluciones-y-envios\/\",\"name\":\"Devoluciones y Env\u00edos - VinilosRacing\",\"isPartOf\":{\"@id\":\"https:\/\/vinilosracing.es\/#website\"},\"datePublished\":\"2022-02-16T11:06:59+00:00\",\"dateModified\":\"2022-02-16T11:09:22+00:00\",\"breadcrumb\":{\"@id\":\"https:\/\/vinilosracing.es\/index.php\/devoluciones-y-envios\/#breadcrumb\"},\"inLanguage\":\"es\",\"potentialAction\":[{\"@type\":\"ReadAction\",\"target\":[\"https:\/\/vinilosracing.es\/index.php\/devoluciones-y-envios\/\"]}]},{\"@type\":\"BreadcrumbList\",\"@id\":\"https:\/\/vinilosracing.es\/index.php\/devoluciones-y-envios\/#breadcrumb\",\"itemListElement\":[{\"@type\":\"ListItem\",\"position\":1,\"name\":\"Home\",\"item\":\"https:\/\/vinilosracing.es\/\"},{\"@type\":\"ListItem\",\"position\":2,\"name\":\"Devoluciones y Env\u00edos\"}]},{\"@type\":\"WebSite\",\"@id\":\"https:\/\/vinilosracing.es\/#website\",\"url\":\"https:\/\/vinilosracing.es\/\",\"name\":\"VinilosRacing\",\"description\":\"Tienda de vinilos personalizados, infantiles, y pegatinas. los mejores precios en Barcelona\",\"publisher\":{\"@id\":\"https:\/\/vinilosracing.es\/#organization\"},\"alternateName\":\"vinilos decorativos para coche, moto, locales y hogar, vinilos-racing, VinilosRacing\",\"potentialAction\":[{\"@type\":\"SearchAction\",\"target\":{\"@type\":\"EntryPoint\",\"urlTemplate\":\"https:\/\/vinilosracing.es\/?s={search_term_string}\"},\"query-input\":\"required name=search_term_string\"}],\"inLanguage\":\"es\"},{\"@type\":\"Organization\",\"@id\":\"https:\/\/vinilosracing.es\/#organization\",\"name\":\"VinilosRacing\",\"alternateName\":\"vinilos decorativos para coche, moto, locales y hogar, vinilos-racing, VinilosRacing\",\"url\":\"https:\/\/vinilosracing.es\/\",\"logo\":{\"@type\":\"ImageObject\",\"inLanguage\":\"es\",\"@id\":\"https:\/\/vinilosracing.es\/#\/schema\/logo\/image\/\",\"url\":\"https:\/\/vinilosracing.es\/wp-content\/uploads\/2012\/01\/logo-gris-2.png\",\"contentUrl\":\"https:\/\/vinilosracing.es\/wp-content\/uploads\/2012\/01\/logo-gris-2.png\",\"width\":2069,\"height\":2069,\"caption\":\"VinilosRacing\"},\"image\":{\"@id\":\"https:\/\/vinilosracing.es\/#\/schema\/logo\/image\/\"}}]}<\/script>\n<!-- \/ Yoast SEO Premium plugin. -->","yoast_head_json":{"title":"Devoluciones y Env\u00edos - VinilosRacing","robots":{"index":"index","follow":"follow","max-snippet":"max-snippet:-1","max-image-preview":"max-image-preview:large","max-video-preview":"max-video-preview:-1"},"canonical":"https:\/\/vinilosracing.es\/index.php\/devoluciones-y-envios\/","og_locale":"es_ES","og_type":"article","og_title":"Devoluciones y Env\u00edos","og_description":"Devoluciones y Envios El comprador dispone de 14 d\u00edas naturales para hacer la devoluci\u00f3n del producto con el que no est\u00e1 satisfecho. Dentro de este plazo, podr\u00e1 devolver el producto (los gastos de env\u00edo correr\u00e1n por cuenta del comprador, a trav\u00e9s de la empresa de Correos y mediante el mismo m\u00e9todo que se le envi\u00f3)Ver m\u00e1s &#10230;","og_url":"https:\/\/vinilosracing.es\/index.php\/devoluciones-y-envios\/","og_site_name":"VinilosRacing","article_modified_time":"2022-02-16T11:09:22+00:00","twitter_card":"summary_large_image","twitter_misc":{"Tiempo de lectura":"1 minuto"},"schema":{"@context":"https:\/\/schema.org","@graph":[{"@type":"WebPage","@id":"https:\/\/vinilosracing.es\/index.php\/devoluciones-y-envios\/","url":"https:\/\/vinilosracing.es\/index.php\/devoluciones-y-envios\/","name":"Devoluciones y Env\u00edos - VinilosRacing","isPartOf":{"@id":"https:\/\/vinilosracing.es\/#website"},"datePublished":"2022-02-16T11:06:59+00:00","dateModified":"2022-02-16T11:09:22+00:00","breadcrumb":{"@id":"https:\/\/vinilosracing.es\/index.php\/devoluciones-y-envios\/#breadcrumb"},"inLanguage":"es","potentialAction":[{"@type":"ReadAction","target":["https:\/\/vinilosracing.es\/index.php\/devoluciones-y-envios\/"]}]},{"@type":"BreadcrumbList","@id":"https:\/\/vinilosracing.es\/index.php\/devoluciones-y-envios\/#breadcrumb","itemListElement":[{"@type":"ListItem","position":1,"name":"Home","item":"https:\/\/vinilosracing.es\/"},{"@type":"ListItem","position":2,"name":"Devoluciones y Env\u00edos"}]},{"@type":"WebSite","@id":"https:\/\/vinilosracing.es\/#website","url":"https:\/\/vinilosracing.es\/","name":"VinilosRacing","description":"Tienda de vinilos personalizados, infantiles, y pegatinas. los mejores precios en Barcelona","publisher":{"@id":"https:\/\/vinilosracing.es\/#organization"},"alternateName":"vinilos decorativos para coche, moto, locales y hogar, vinilos-racing, VinilosRacing","potentialAction":[{"@type":"SearchAction","target":{"@type":"EntryPoint","urlTemplate":"https:\/\/vinilosracing.es\/?s={search_term_string}"},"query-input":"required name=search_term_string"}],"inLanguage":"es"},{"@type":"Organization","@id":"https:\/\/vinilosracing.es\/#organization","name":"VinilosRacing","alternateName":"vinilos decorativos para coche, moto, locales y hogar, vinilos-racing, VinilosRacing","url":"https:\/\/vinilosracing.es\/","logo":{"@type":"ImageObject","inLanguage":"es","@id":"https:\/\/vinilosracing.es\/#\/schema\/logo\/image\/","url":"https:\/\/vinilosracing.es\/wp-content\/uploads\/2012\/01\/logo-gris-2.png","contentUrl":"https:\/\/vinilosracing.es\/wp-content\/uploads\/2012\/01\/logo-gris-2.png","width":2069,"height":2069,"caption":"VinilosRacing"},"image":{"@id":"https:\/\/vinilosracing.es\/#\/schema\/logo\/image\/"}}]}},"_links":{"self":[{"href":"https:\/\/vinilosracing.es\/index.php\/wp-json\/wp\/v2\/pages\/7810","targetHints":{"allow":["GET"]}}],"collection":[{"href":"https:\/\/vinilosracing.es\/index.php\/wp-json\/wp\/v2\/pages"}],"about":[{"href":"https:\/\/vinilosracing.es\/index.php\/wp-json\/wp\/v2\/types\/page"}],"author":[{"embeddable":true,"href":"https:\/\/vinilosracing.es\/index.php\/wp-json\/wp\/v2\/users\/1"}],"replies":[{"embeddable":true,"href":"https:\/\/vinilosracing.es\/index.php\/wp-json\/wp\/v2\/comments?post=7810"}],"version-history":[{"count":0,"href":"https:\/\/vinilosracing.es\/index.php\/wp-json\/wp\/v2\/pages\/7810\/revisions"}],"wp:attachment":[{"href":"https:\/\/vinilosracing.es\/index.php\/wp-json\/wp\/v2\/media?parent=7810"}],"curies":[{"name":"wp","href":"https:\/\/api.w.org\/{rel}","templated":true}]}}