{"id":7711,"date":"2022-02-15T22:03:14","date_gmt":"2022-02-15T22:03:14","guid":{"rendered":"https:\/\/vinilosracing.es\/?page_id=7711"},"modified":"2022-02-20T15:04:49","modified_gmt":"2022-02-20T15:04:49","slug":"politica-de-cookies","status":"publish","type":"page","link":"https:\/\/vinilosracing.es\/index.php\/politica-de-cookies\/","title":{"rendered":"Pol\u00edtica de Cookies"},"content":{"rendered":"\t\t<div data-elementor-type=\"wp-page\" data-elementor-id=\"7711\" class=\"elementor elementor-7711\">\n\t\t\t\t\t\t\t\t\t<section class=\"elementor-section elementor-top-section elementor-element elementor-element-e87b900 elementor-section-boxed elementor-section-height-default elementor-section-height-default\" data-id=\"e87b900\" data-element_type=\"section\">\n\t\t\t\t\t\t<div class=\"elementor-container elementor-column-gap-default\">\n\t\t\t\t\t<div class=\"elementor-column elementor-col-100 elementor-top-column elementor-element elementor-element-f1dbaa9\" data-id=\"f1dbaa9\" data-element_type=\"column\">\n\t\t\t<div class=\"elementor-widget-wrap elementor-element-populated\">\n\t\t\t\t\t\t\t\t<div class=\"elementor-element elementor-element-cac1cc9 elementor-widget elementor-widget-heading\" data-id=\"cac1cc9\" data-element_type=\"widget\" data-widget_type=\"heading.default\">\n\t\t\t\t<div class=\"elementor-widget-container\">\n\t\t\t<style>\/*! elementor - v3.8.0 - 30-10-2022 *\/\n.elementor-heading-title{padding:0;margin:0;line-height:1}.elementor-widget-heading .elementor-heading-title[class*=elementor-size-]>a{color:inherit;font-size:inherit;line-height:inherit}.elementor-widget-heading .elementor-heading-title.elementor-size-small{font-size:15px}.elementor-widget-heading .elementor-heading-title.elementor-size-medium{font-size:19px}.elementor-widget-heading .elementor-heading-title.elementor-size-large{font-size:29px}.elementor-widget-heading .elementor-heading-title.elementor-size-xl{font-size:39px}.elementor-widget-heading .elementor-heading-title.elementor-size-xxl{font-size:59px}<\/style><h2 class=\"elementor-heading-title elementor-size-default\">Pol\u00edtica de Cookies<\/h2>\t\t<\/div>\n\t\t\t\t<\/div>\n\t\t\t\t<div class=\"elementor-element elementor-element-b5e345d elementor-widget elementor-widget-text-editor\" data-id=\"b5e345d\" data-element_type=\"widget\" data-widget_type=\"text-editor.default\">\n\t\t\t\t<div class=\"elementor-widget-container\">\n\t\t\t<style>\/*! elementor - v3.8.0 - 30-10-2022 *\/\n.elementor-widget-text-editor.elementor-drop-cap-view-stacked .elementor-drop-cap{background-color:#818a91;color:#fff}.elementor-widget-text-editor.elementor-drop-cap-view-framed .elementor-drop-cap{color:#818a91;border:3px solid;background-color:transparent}.elementor-widget-text-editor:not(.elementor-drop-cap-view-default) .elementor-drop-cap{margin-top:8px}.elementor-widget-text-editor:not(.elementor-drop-cap-view-default) .elementor-drop-cap-letter{width:1em;height:1em}.elementor-widget-text-editor .elementor-drop-cap{float:left;text-align:center;line-height:1;font-size:50px}.elementor-widget-text-editor .elementor-drop-cap-letter{display:inline-block}<\/style>\t\t\t\t<p><i>Esta pol\u00edtica de cookies se actualiz\u00f3 por \u00faltima vez el 06\/11\/2021<\/i><\/p><h4>Normativa<\/h4><p>En cumplimiento con lo dispuesto en el art\u00edculo 22.2 de la Ley 34\/2002, de 11 de julio, de Servicios de la Sociedad de la Informaci\u00f3n y de Comercio Electr\u00f3nico, le informamos que en esta secci\u00f3n encontraras la pol\u00edtica de recogida y tratamiento de cookies propias y de terceros con fines de An\u00e1lisis, Personalizaci\u00f3n, de Marketing y T\u00e9cnicos en este website.\u00a0https:\/\/vinilosracing.es\/<\/p><h4>\u00bfQu\u00e9 son las cookies?<\/h4><p>Una\u00a0<b>cookie<\/b>\u00a0es un peque\u00f1o fragmento de texto que los sitios web que visitas env\u00edan a tu navegador. Las\u00a0<b>cookies<\/b>\u00a0permiten que los sitios recuerden informaci\u00f3n sobre tu visita, lo que puede hacer que sea m\u00e1s f\u00e1cil volver a visitar los sitios y que estos te resulten m\u00e1s \u00fatiles.<\/p><h4>\u00bfQu\u00e9 son los scripts?<\/h4><p>Un script es un fragmento de c\u00f3digo de programa que se utiliza para hacer que nuestra web funcione correctamente y de forma interactiva. Este c\u00f3digo se ejecuta en nuestro servidor o en tu dispositivo.<\/p><h4>\u00bfQu\u00e9 es Web bug?<\/h4><p>(a veces denominadas GIF transparentes o errores\u00a0<b>web<\/b>) son peque\u00f1as cadenas de c\u00f3digo que nos permiten colocar una peque\u00f1a imagen (generalmente invisible) en una p\u00e1gina\u00a0<b>web<\/b>\u00a0o en un correo electr\u00f3nico.<\/p><h4>\u00bfQu\u00e9 tipos de cookies utiliza https:\/\/vinilosracing.es\/?<\/h4><p><strong>Tipos de Cookies<\/strong><\/p><p>En funci\u00f3n de su titularidad:<\/p><p><strong>Cookies propias<\/strong>: son directamente gestionadas y enviadas\u00a0 por\u00a0<b>vinilosracing.es\/<\/b><\/p><p><strong>Cookies de terceros<\/strong>: son\u00a0 gestionadas y enviadas\u00a0 en forma an\u00f3nima por un tercero diferente a\u00a0<b>vinilosracing.es\/<\/b><\/p><p>En funci\u00f3n de\u00a0 uso:<\/p><p><strong>Cookies t\u00e9cnicas<\/strong>: Son aqu\u00e9llas que permiten al usuario la navegaci\u00f3n a trav\u00e9s de una p\u00e1gina web, plataforma o aplicaci\u00f3n y la utilizaci\u00f3n de las diferentes opciones o servicios que en ella existan como, por ejemplo, controlar el tr\u00e1fico y la comunicaci\u00f3n de datos, identificar la sesi\u00f3n, acceder a partes de acceso restringido, recordar los elementos que integran un pedido, realizar el proceso de compra de un pedido, realizar la solicitud de inscripci\u00f3n o participaci\u00f3n en un evento, utilizar elementos de seguridad durante la navegaci\u00f3n, almacenar contenidos para la difusi\u00f3n de videos o sonido o compartir contenidos a trav\u00e9s de redes sociales. Por ello, su uso no requiere del consentimiento del usuario, conforme a lo establecido en el art\u00edculo 22.2 de la LSSICE.<\/p><p><strong>Cookies de an\u00e1lisis<\/strong>: hacen posible que <b>vinilosracing.es\/<\/b> introduzca mejoras en su web o en sus herramientas de gesti\u00f3n, gracias al examen y seguimiento de los datos que se obtienen acerca del comportamiento de los usuarios que visitan las mismas.<\/p><p><strong>Cookies de publicidad<\/strong>: permiten que se personalicen los espacios publicitarios que se muestran durante la navegaci\u00f3n de los usuarios en funci\u00f3n de la informaci\u00f3n an\u00f3nima que se recoge sobre sus h\u00e1bitos y tendencias.<\/p><p>En funci\u00f3n de su duraci\u00f3n:<\/p><p><strong>Cookies de sesi\u00f3n<\/strong>: obtienen y almacenan los datos \u00fanicamente durante el acceso a la web de \u00a0<b>vinilosracing.es\/<\/b> o a las herramientas de gesti\u00f3n de servicios puestas a disposici\u00f3n de sus clientes, de manera que desaparecen al finalizar la sesi\u00f3n.<\/p><p><strong>Cookies persistentes<\/strong>: obtienen y almacenan los datos en el terminal del usuario durante un per\u00edodo de tiempo determinado, que puede variar en funci\u00f3n de la finalidad de uso de cada cookie.<br \/>En cualquier caso, el tiempo de conservaci\u00f3n de las cookies ser\u00e1 siempre el m\u00ednimo indispensable para cumplir su finalidad de uso.<\/p><h4>Consulta nuestras cookies<\/h4><p>Las cookies utilizadas por \u00a0<b>vinilosracing.es\/ <\/b>\u00a0y sus caracter\u00edsticas son las siguientes:<\/p><h4><strong>\u00a0<\/strong><\/h4>\t\t\t\t\t\t<\/div>\n\t\t\t\t<\/div>\n\t\t\t\t<div class=\"elementor-element elementor-element-647047e elementor-widget elementor-widget-image\" data-id=\"647047e\" data-element_type=\"widget\" data-widget_type=\"image.default\">\n\t\t\t\t<div class=\"elementor-widget-container\">\n\t\t\t<style>\/*! elementor - v3.8.0 - 30-10-2022 *\/\n.elementor-widget-image{text-align:center}.elementor-widget-image a{display:inline-block}.elementor-widget-image a img[src$=\".svg\"]{width:48px}.elementor-widget-image img{vertical-align:middle;display:inline-block}<\/style>\t\t\t\t\t\t\t\t\t\t\t\t<img loading=\"lazy\" decoding=\"async\" width=\"632\" height=\"2560\" src=\"https:\/\/vinilosracing.es\/wp-content\/uploads\/2022\/02\/vinilos-racing-scaled.jpg\" class=\"attachment-full size-full\" alt=\"\" srcset=\"https:\/\/vinilosracing.es\/wp-content\/uploads\/2022\/02\/vinilos-racing-scaled.jpg 632w, https:\/\/vinilosracing.es\/wp-content\/uploads\/2022\/02\/vinilos-racing-74x300.jpg 74w, https:\/\/vinilosracing.es\/wp-content\/uploads\/2022\/02\/vinilos-racing-253x1024.jpg 253w, https:\/\/vinilosracing.es\/wp-content\/uploads\/2022\/02\/vinilos-racing-379x1536.jpg 379w, https:\/\/vinilosracing.es\/wp-content\/uploads\/2022\/02\/vinilos-racing-1920x7773.jpg 1920w, https:\/\/vinilosracing.es\/wp-content\/uploads\/2022\/02\/vinilos-racing-500x2024.jpg 500w\" sizes=\"auto, (max-width: 632px) 100vw, 632px\" \/>\t\t\t\t\t\t\t\t\t\t\t\t\t\t\t<\/div>\n\t\t\t\t<\/div>\n\t\t\t\t<div class=\"elementor-element elementor-element-134c037 elementor-widget elementor-widget-text-editor\" data-id=\"134c037\" data-element_type=\"widget\" data-widget_type=\"text-editor.default\">\n\t\t\t\t<div class=\"elementor-widget-container\">\n\t\t\t\t\t\t\t<p>\u00a0<\/p><h4><strong>\u00a0(Botones de medios sociales)<\/strong><\/h4><p>son aqu\u00e9llas que ofrecen la posibilidad de conectarse a las mismas y compartir contenidos con nosotros y otros usuarios de las redes y obtener informaci\u00f3n sobre el uso que haces de nuestras cuentas en redes sociales.<\/p><p>En nuestra web hemos incluidos botones para Facebook, Instagram y WhatsApp . Estos botones funcionan usando c\u00f3digo de Facebook, Instagram\u00a0 y WhatsApp. Este c\u00f3digo incrusta cookies. Estos botones de redes sociales pueden almacenar y procesar cierta informaci\u00f3n, de esta manera puede ser mostrado un anuncio personalizado.<\/p><p>Por favor lee la pol\u00edtica de privacidad de estas redes sociales (que puede cambiar frecuentemente) para saber que hacen con tus datos (personales) a continuaci\u00f3n est\u00e1n los enlaces de las pol\u00edticas de privacidad de dichas redes:<\/p><p>Facebook:\u00a0<a href=\"https:\/\/www.facebook.com\/privacy\/explanation\">https:\/\/www.facebook.com\/privacy\/explanation<\/a><\/p><p>WhatsApp:\u00a0<a href=\"https:\/\/www.whatsapp.com\/legal\/updates\/privacy-policy\/?lang=ca\">https:\/\/www.whatsapp.com\/legal\/updates\/privacy-policy\/?lang=ca<\/a><\/p><p>Instagram:\u00a0<a href=\"https:\/\/myshadow.org\/es\/lost-in-small-print\/instagrams-privacy-policy\">https:\/\/myshadow.org\/es\/lost-in-small-print\/instagrams-privacy-policy<\/a><\/p><h4>Consentimiento:<\/h4><p>Cuando visites nuestra web por primera vez, te mostraremos un popup o ventana emergente con una explicaci\u00f3n sobre las cookies. donde podr\u00e1s aceptar nuestro uso de cookies o configurar los ajustes que estimes conveniente como tambi\u00e9n leer en detalle nuestra pol\u00edtica de cookies. ten en cuenta que podr\u00e1s tambi\u00e9n desactivar el uso de cookies a trav\u00e9s de tu navegador, pero, , ten en cuenta que nuestra web puede dejar de funcionar correctamente.<\/p><h4>Activaci\u00f3n, desactivaci\u00f3n y eliminaci\u00f3n de cookies<\/h4><p>Puedes utilizar tu navegador de Internet para eliminar las cookies de forma autom\u00e1tica o manual. Tambi\u00e9n puedes especificar que ciertas cookies no pueden ser colocadas. Otra opci\u00f3n es cambiar los ajustes de tu navegador de Internet para que recibas un mensaje cada vez que se coloca una cookie. Para obtener m\u00e1s informaci\u00f3n sobre estas opciones, consulta las opciones de configuraci\u00f3n de tu navegador a continuaci\u00f3n te dejamos el enlace de ayuda de os navegadores de mayor uso actualmente.<\/p><p><strong>Chrome o Safari<\/strong><\/p><p><a href=\"https:\/\/support.google.com\/accounts\/answer\/61416?hl=es&amp;co=GENIE.Platform%3DDesktop\">https:\/\/support.google.com\/accounts\/answer\/61416?hl=es&amp;co=GENIE.Platform%3DDesktop<\/a><\/p><p><strong>Internet Explorer<\/strong><\/p><p><a href=\"https:\/\/support.microsoft.com\/es-es\/windows\/eliminar-y-administrar-cookies-168dab11-0753-043d-7c16-ede5947fc64d\">https:\/\/support.microsoft.com\/es-es\/windows\/eliminar-y-administrar-cookies-168dab11-0753-043d-7c16-ede5947fc64d<\/a><\/p><p><strong>Mozilla<\/strong><\/p><p><a href=\"https:\/\/support.mozilla.org\/es\/kb\/habilitar-y-deshabilitar-cookies-sitios-web-rastrear-preferencias\">https:\/\/support.mozilla.org\/es\/kb\/habilitar-y-deshabilitar-cookies-sitios-web-rastrear-preferencias<\/a><\/p><p>Ten en cuenta que (platinumweb.es) no puede funcionar correctamente si todas las cookies est\u00e1n desactivadas. Si borras las cookies de tu navegador, se volver\u00e1n a colocar despu\u00e9s de tu consentimiento cuando vuelvas a visitar nuestra web.<\/p><p>Adem\u00e1s, en cumplimiento del\u00a0Reglamento (UE) 2016\/679 del Parlamento Europeo y del Consejo, le informamos que tiene derecho a no aceptar el uso de cookies cuando se le solicita al entrar en la web o a retirar su consentimiento. Sin embargo, la negativa a aceptar la pol\u00edtica de cookies podr\u00eda suponer la p\u00e9rdida de funcionalidades de la p\u00e1gina web.<\/p><h4>Detalles de contacto<\/h4><p>Cualquier duda y\/o comentarios sobre nuestra pol\u00edtica de cookies, por favor, no dudes en ponerte en contacto usando los siguientes datos:<\/p><p>DIGITAL DESIGN WORLD SL (vinilosracing.es)<br \/>info@vinilosracing.es o al apartado de correos 24 (intro) 08186 Lliss\u00e0 d\u2019amunt, BARCELONA.<\/p>\t\t\t\t\t\t<\/div>\n\t\t\t\t<\/div>\n\t\t\t\t\t<\/div>\n\t\t<\/div>\n\t\t\t\t\t\t\t<\/div>\n\t\t<\/section>\n\t\t\t\t\t\t\t<\/div>\n\t\t","protected":false},"excerpt":{"rendered":"<p>Pol\u00edtica de Cookies Esta pol\u00edtica de cookies se actualiz\u00f3 por \u00faltima vez el 06\/11\/2021 Normativa En cumplimiento con lo dispuesto en el art\u00edculo 22.2 de la Ley 34\/2002, de 11 de julio, de Servicios de la Sociedad de la Informaci\u00f3n y de Comercio Electr\u00f3nico, le informamos que en esta secci\u00f3n encontraras la pol\u00edtica de recogida<a class=\"more-link\" href=\"https:\/\/vinilosracing.es\/index.php\/politica-de-cookies\/\">Ver m\u00e1s  &#10230;<\/a><\/p>\n","protected":false},"author":1,"featured_media":0,"parent":0,"menu_order":0,"comment_status":"closed","ping_status":"closed","template":"","meta":{"footnotes":""},"class_list":["post-7711","page","type-page","status-publish","hentry"],"yoast_head":"<!-- This site is optimized with the Yoast SEO Premium plugin v19.5 (Yoast SEO v19.10) - https:\/\/yoast.com\/wordpress\/plugins\/seo\/ -->\n<title>Pol\u00edtica de Cookies - VinilosRacing<\/title>\n<meta name=\"robots\" content=\"index, follow, max-snippet:-1, max-image-preview:large, max-video-preview:-1\" \/>\n<link rel=\"canonical\" href=\"https:\/\/vinilosracing.es\/index.php\/politica-de-cookies\/\" \/>\n<meta property=\"og:locale\" content=\"es_ES\" \/>\n<meta property=\"og:type\" content=\"article\" \/>\n<meta property=\"og:title\" content=\"Pol\u00edtica de Cookies\" \/>\n<meta property=\"og:description\" content=\"Pol\u00edtica de Cookies Esta pol\u00edtica de cookies se actualiz\u00f3 por \u00faltima vez el 06\/11\/2021 Normativa En cumplimiento con lo dispuesto en el art\u00edculo 22.2 de la Ley 34\/2002, de 11 de julio, de Servicios de la Sociedad de la Informaci\u00f3n y de Comercio Electr\u00f3nico, le informamos que en esta secci\u00f3n encontraras la pol\u00edtica de recogidaVer m\u00e1s &#10230;\" \/>\n<meta property=\"og:url\" content=\"https:\/\/vinilosracing.es\/index.php\/politica-de-cookies\/\" \/>\n<meta property=\"og:site_name\" content=\"VinilosRacing\" \/>\n<meta property=\"article:modified_time\" content=\"2022-02-20T15:04:49+00:00\" \/>\n<meta property=\"og:image\" content=\"http:\/\/vinilosracing.es\/wp-content\/uploads\/2022\/02\/vinilos-racing-scaled.jpg\" \/>\n<meta name=\"twitter:card\" content=\"summary_large_image\" \/>\n<meta name=\"twitter:label1\" content=\"Tiempo de lectura\" \/>\n\t<meta name=\"twitter:data1\" content=\"6 minutos\" \/>\n<script type=\"application\/ld+json\" class=\"yoast-schema-graph\">{\"@context\":\"https:\/\/schema.org\",\"@graph\":[{\"@type\":\"WebPage\",\"@id\":\"https:\/\/vinilosracing.es\/index.php\/politica-de-cookies\/\",\"url\":\"https:\/\/vinilosracing.es\/index.php\/politica-de-cookies\/\",\"name\":\"Pol\u00edtica de Cookies - VinilosRacing\",\"isPartOf\":{\"@id\":\"https:\/\/vinilosracing.es\/#website\"},\"datePublished\":\"2022-02-15T22:03:14+00:00\",\"dateModified\":\"2022-02-20T15:04:49+00:00\",\"breadcrumb\":{\"@id\":\"https:\/\/vinilosracing.es\/index.php\/politica-de-cookies\/#breadcrumb\"},\"inLanguage\":\"es\",\"potentialAction\":[{\"@type\":\"ReadAction\",\"target\":[\"https:\/\/vinilosracing.es\/index.php\/politica-de-cookies\/\"]}]},{\"@type\":\"BreadcrumbList\",\"@id\":\"https:\/\/vinilosracing.es\/index.php\/politica-de-cookies\/#breadcrumb\",\"itemListElement\":[{\"@type\":\"ListItem\",\"position\":1,\"name\":\"Home\",\"item\":\"https:\/\/vinilosracing.es\/\"},{\"@type\":\"ListItem\",\"position\":2,\"name\":\"Pol\u00edtica de Cookies\"}]},{\"@type\":\"WebSite\",\"@id\":\"https:\/\/vinilosracing.es\/#website\",\"url\":\"https:\/\/vinilosracing.es\/\",\"name\":\"VinilosRacing\",\"description\":\"Tienda de vinilos personalizados, infantiles, y pegatinas. los mejores precios en Barcelona\",\"publisher\":{\"@id\":\"https:\/\/vinilosracing.es\/#organization\"},\"alternateName\":\"vinilos decorativos para coche, moto, locales y hogar, vinilos-racing, VinilosRacing\",\"potentialAction\":[{\"@type\":\"SearchAction\",\"target\":{\"@type\":\"EntryPoint\",\"urlTemplate\":\"https:\/\/vinilosracing.es\/?s={search_term_string}\"},\"query-input\":\"required name=search_term_string\"}],\"inLanguage\":\"es\"},{\"@type\":\"Organization\",\"@id\":\"https:\/\/vinilosracing.es\/#organization\",\"name\":\"VinilosRacing\",\"alternateName\":\"vinilos decorativos para coche, moto, locales y hogar, vinilos-racing, VinilosRacing\",\"url\":\"https:\/\/vinilosracing.es\/\",\"logo\":{\"@type\":\"ImageObject\",\"inLanguage\":\"es\",\"@id\":\"https:\/\/vinilosracing.es\/#\/schema\/logo\/image\/\",\"url\":\"https:\/\/vinilosracing.es\/wp-content\/uploads\/2012\/01\/logo-gris-2.png\",\"contentUrl\":\"https:\/\/vinilosracing.es\/wp-content\/uploads\/2012\/01\/logo-gris-2.png\",\"width\":2069,\"height\":2069,\"caption\":\"VinilosRacing\"},\"image\":{\"@id\":\"https:\/\/vinilosracing.es\/#\/schema\/logo\/image\/\"}}]}<\/script>\n<!-- \/ Yoast SEO Premium plugin. -->","yoast_head_json":{"title":"Pol\u00edtica de Cookies - VinilosRacing","robots":{"index":"index","follow":"follow","max-snippet":"max-snippet:-1","max-image-preview":"max-image-preview:large","max-video-preview":"max-video-preview:-1"},"canonical":"https:\/\/vinilosracing.es\/index.php\/politica-de-cookies\/","og_locale":"es_ES","og_type":"article","og_title":"Pol\u00edtica de Cookies","og_description":"Pol\u00edtica de Cookies Esta pol\u00edtica de cookies se actualiz\u00f3 por \u00faltima vez el 06\/11\/2021 Normativa En cumplimiento con lo dispuesto en el art\u00edculo 22.2 de la Ley 34\/2002, de 11 de julio, de Servicios de la Sociedad de la Informaci\u00f3n y de Comercio Electr\u00f3nico, le informamos que en esta secci\u00f3n encontraras la pol\u00edtica de recogidaVer m\u00e1s &#10230;","og_url":"https:\/\/vinilosracing.es\/index.php\/politica-de-cookies\/","og_site_name":"VinilosRacing","article_modified_time":"2022-02-20T15:04:49+00:00","og_image":[{"url":"http:\/\/vinilosracing.es\/wp-content\/uploads\/2022\/02\/vinilos-racing-scaled.jpg"}],"twitter_card":"summary_large_image","twitter_misc":{"Tiempo de lectura":"6 minutos"},"schema":{"@context":"https:\/\/schema.org","@graph":[{"@type":"WebPage","@id":"https:\/\/vinilosracing.es\/index.php\/politica-de-cookies\/","url":"https:\/\/vinilosracing.es\/index.php\/politica-de-cookies\/","name":"Pol\u00edtica de Cookies - VinilosRacing","isPartOf":{"@id":"https:\/\/vinilosracing.es\/#website"},"datePublished":"2022-02-15T22:03:14+00:00","dateModified":"2022-02-20T15:04:49+00:00","breadcrumb":{"@id":"https:\/\/vinilosracing.es\/index.php\/politica-de-cookies\/#breadcrumb"},"inLanguage":"es","potentialAction":[{"@type":"ReadAction","target":["https:\/\/vinilosracing.es\/index.php\/politica-de-cookies\/"]}]},{"@type":"BreadcrumbList","@id":"https:\/\/vinilosracing.es\/index.php\/politica-de-cookies\/#breadcrumb","itemListElement":[{"@type":"ListItem","position":1,"name":"Home","item":"https:\/\/vinilosracing.es\/"},{"@type":"ListItem","position":2,"name":"Pol\u00edtica de Cookies"}]},{"@type":"WebSite","@id":"https:\/\/vinilosracing.es\/#website","url":"https:\/\/vinilosracing.es\/","name":"VinilosRacing","description":"Tienda de vinilos personalizados, infantiles, y pegatinas. los mejores precios en Barcelona","publisher":{"@id":"https:\/\/vinilosracing.es\/#organization"},"alternateName":"vinilos decorativos para coche, moto, locales y hogar, vinilos-racing, VinilosRacing","potentialAction":[{"@type":"SearchAction","target":{"@type":"EntryPoint","urlTemplate":"https:\/\/vinilosracing.es\/?s={search_term_string}"},"query-input":"required name=search_term_string"}],"inLanguage":"es"},{"@type":"Organization","@id":"https:\/\/vinilosracing.es\/#organization","name":"VinilosRacing","alternateName":"vinilos decorativos para coche, moto, locales y hogar, vinilos-racing, VinilosRacing","url":"https:\/\/vinilosracing.es\/","logo":{"@type":"ImageObject","inLanguage":"es","@id":"https:\/\/vinilosracing.es\/#\/schema\/logo\/image\/","url":"https:\/\/vinilosracing.es\/wp-content\/uploads\/2012\/01\/logo-gris-2.png","contentUrl":"https:\/\/vinilosracing.es\/wp-content\/uploads\/2012\/01\/logo-gris-2.png","width":2069,"height":2069,"caption":"VinilosRacing"},"image":{"@id":"https:\/\/vinilosracing.es\/#\/schema\/logo\/image\/"}}]}},"_links":{"self":[{"href":"https:\/\/vinilosracing.es\/index.php\/wp-json\/wp\/v2\/pages\/7711","targetHints":{"allow":["GET"]}}],"collection":[{"href":"https:\/\/vinilosracing.es\/index.php\/wp-json\/wp\/v2\/pages"}],"about":[{"href":"https:\/\/vinilosracing.es\/index.php\/wp-json\/wp\/v2\/types\/page"}],"author":[{"embeddable":true,"href":"https:\/\/vinilosracing.es\/index.php\/wp-json\/wp\/v2\/users\/1"}],"replies":[{"embeddable":true,"href":"https:\/\/vinilosracing.es\/index.php\/wp-json\/wp\/v2\/comments?post=7711"}],"version-history":[{"count":9,"href":"https:\/\/vinilosracing.es\/index.php\/wp-json\/wp\/v2\/pages\/7711\/revisions"}],"predecessor-version":[{"id":8136,"href":"https:\/\/vinilosracing.es\/index.php\/wp-json\/wp\/v2\/pages\/7711\/revisions\/8136"}],"wp:attachment":[{"href":"https:\/\/vinilosracing.es\/index.php\/wp-json\/wp\/v2\/media?parent=7711"}],"curies":[{"name":"wp","href":"https:\/\/api.w.org\/{rel}","templated":true}]}}