{"id":2,"date":"2022-02-15T18:03:23","date_gmt":"2022-02-15T18:03:23","guid":{"rendered":"https:\/\/vinilosracing.es\/?page_id=2"},"modified":"2022-02-17T19:48:00","modified_gmt":"2022-02-17T19:48:00","slug":"politica-de-privacidad","status":"publish","type":"page","link":"https:\/\/vinilosracing.es\/index.php\/politica-de-privacidad\/","title":{"rendered":"Pol\u00edtica de Privacidad"},"content":{"rendered":"\t\t<div data-elementor-type=\"wp-page\" data-elementor-id=\"2\" class=\"elementor elementor-2\">\n\t\t\t\t\t\t\t\t\t<section class=\"elementor-section elementor-top-section elementor-element elementor-element-4c11394d elementor-section-full_width elementor-section-height-default elementor-section-height-default\" data-id=\"4c11394d\" data-element_type=\"section\">\n\t\t\t\t\t\t<div class=\"elementor-container elementor-column-gap-default\">\n\t\t\t\t\t<div class=\"elementor-column elementor-col-100 elementor-top-column elementor-element elementor-element-443deac6\" data-id=\"443deac6\" data-element_type=\"column\">\n\t\t\t<div class=\"elementor-widget-wrap elementor-element-populated\">\n\t\t\t\t\t\t\t\t<div class=\"elementor-element elementor-element-bffd3cf elementor-widget elementor-widget-heading\" data-id=\"bffd3cf\" data-element_type=\"widget\" data-widget_type=\"heading.default\">\n\t\t\t\t<div class=\"elementor-widget-container\">\n\t\t\t<style>\/*! elementor - v3.8.0 - 30-10-2022 *\/\n.elementor-heading-title{padding:0;margin:0;line-height:1}.elementor-widget-heading .elementor-heading-title[class*=elementor-size-]>a{color:inherit;font-size:inherit;line-height:inherit}.elementor-widget-heading .elementor-heading-title.elementor-size-small{font-size:15px}.elementor-widget-heading .elementor-heading-title.elementor-size-medium{font-size:19px}.elementor-widget-heading .elementor-heading-title.elementor-size-large{font-size:29px}.elementor-widget-heading .elementor-heading-title.elementor-size-xl{font-size:39px}.elementor-widget-heading .elementor-heading-title.elementor-size-xxl{font-size:59px}<\/style><h2 class=\"elementor-heading-title elementor-size-default\">Pol\u00edtica de Privacidad<\/h2>\t\t<\/div>\n\t\t\t\t<\/div>\n\t\t\t\t<div class=\"elementor-element elementor-element-389c5532 elementor-widget elementor-widget-text-editor\" data-id=\"389c5532\" data-element_type=\"widget\" data-widget_type=\"text-editor.default\">\n\t\t\t\t<div class=\"elementor-widget-container\">\n\t\t\t<style>\/*! elementor - v3.8.0 - 30-10-2022 *\/\n.elementor-widget-text-editor.elementor-drop-cap-view-stacked .elementor-drop-cap{background-color:#818a91;color:#fff}.elementor-widget-text-editor.elementor-drop-cap-view-framed .elementor-drop-cap{color:#818a91;border:3px solid;background-color:transparent}.elementor-widget-text-editor:not(.elementor-drop-cap-view-default) .elementor-drop-cap{margin-top:8px}.elementor-widget-text-editor:not(.elementor-drop-cap-view-default) .elementor-drop-cap-letter{width:1em;height:1em}.elementor-widget-text-editor .elementor-drop-cap{float:left;text-align:center;line-height:1;font-size:50px}.elementor-widget-text-editor .elementor-drop-cap-letter{display:inline-block}<\/style>\t\t\t\t<main id=\"jupiterx-main\" class=\"jupiterx-main\">\n<div class=\"jupiterx-main-content\">\n<div class=\"container\">\n<div class=\"row\">\n<div id=\"jupiterx-primary\" class=\"jupiterx-primary col-lg-12\">\n<div class=\"jupiterx-content\" role=\"main\">\n<article id=\"696\" class=\"jupiterx-post post-696 page type-page status-publish hentry\">\n<div class=\"jupiterx-post-body\">\n<div class=\"jupiterx-post-content clearfix\">\n<div class=\"elementor elementor-696\" data-elementor-type=\"wp-page\" data-elementor-id=\"696\" data-elementor-settings=\"[]\">\n<div class=\"elementor-section-wrap\">\n<section class=\"elementor-section elementor-top-section elementor-element elementor-element-2513ff26 elementor-section-content-middle elementor-section-boxed elementor-section-height-default elementor-section-height-default\" data-id=\"2513ff26\" data-element_type=\"section\">\n<div class=\"elementor-container elementor-column-gap-no\">\n<div class=\"elementor-column elementor-col-100 elementor-top-column elementor-element elementor-element-12200f0d\" data-id=\"12200f0d\" data-element_type=\"column\">\n<div class=\"elementor-widget-wrap elementor-element-populated\">\n<section class=\"elementor-section elementor-inner-section elementor-element elementor-element-1d13d600 elementor-section-content-middle elementor-section-boxed elementor-section-height-default elementor-section-height-default\" data-id=\"1d13d600\" data-element_type=\"section\">\n<div class=\"elementor-container elementor-column-gap-no\">\n<div class=\"elementor-column elementor-col-100 elementor-inner-column elementor-element elementor-element-3bb18e86\" data-id=\"3bb18e86\" data-element_type=\"column\">\n<div class=\"elementor-widget-wrap elementor-element-populated\">\n<div class=\"elementor-element elementor-element-3221c6d9 elementor-widget elementor-widget-text-editor\" data-id=\"3221c6d9\" data-element_type=\"widget\" data-widget_type=\"text-editor.default\">\n<div class=\"elementor-widget-container\">\n<p>En cumplimiento del Cap\u00edtulo II de la ley 34\/2002, LSSICE, los informamos que la presente p\u00e1gina web es propiedad de <strong>DIGITAL DESIGN WORLD SL<\/strong> , de ahora en adelante tambi\u00e9n el Prestador, domiciliado en\u00a0 \u00a0Barcelona catalunya, con CIF B65101172, y email: <strong>info@vinilosracing.es<\/strong><\/p>\n<p>El Prestador, como responsable del presente Sitio web y en conformidad con lo que dispone la normativa vigente en materia de protecci\u00f3n de datos personales, el Reglamento (UE) 2016\/679 de 27 de abril de 2016 (RGPD) relativo a la protecci\u00f3n de las personas f\u00edsicas en cuanto al tratamiento de datos personales y a la libre circulaci\u00f3n de estos datos, la Ley Org\u00e1nica 15\/1999, de 13 de diciembre, de Protecci\u00f3n de Datos de Car\u00e1cter Personal (LOPD) y por la Ley 34\/2002, de 11 de julio, de Servicios de la Sociedad de la Informaci\u00f3n y del Comercio Electr\u00f3nico (LSSICE), tiene implementadas todas las medidas de seguridad, de \u00edndole t\u00e9cnica y organizativas, establecidas en el Real decreto 1720\/2007 de 21 de Diciembre, (que desarrolla la LOPD) para garantizar y proteger la confidencialidad, integridad y disponibilidad de los datos introducidos.<\/p>\n<p>A efectos de lo que prev\u00e9 la LOPD,\u00a0el Prestador\u00a0le informa que los datos que voluntariamente nos est\u00e1 facilitando ser\u00e1n incorporadas a nuestros sistemas de informaci\u00f3n con el fin de realizar las gestiones comerciales y administrativas necesarias con los usuarios de la web; Las operaciones previstas para realizar los tratamientos son los siguientes: responder a las consultas y\/o proporcionar informaciones requeridas por el Usuario; realizar las prestaciones de servicios y\/o productos contratados o subscritos por el Usuario; realizar todas aquellas actividades propias del Prestador\u00a0por el presente aviso legal\u00a0<\/p>\n<p>El Prestador, mediante asterisco (*) en las casillas correspondientes del formulario de contacto, le informa de esta obligatoriedad al Usuario, indicando qu\u00e9 datos son necesarios. Mediante la indicaci\u00f3n e introducci\u00f3n de los datos, el Usuario otorga el consentimiento inequ\u00edvoco al Prestador\u00a0para que proceda al tratamiento de los datos facilitados en pro de las finalidades mencionadas.<\/p>\n<p>El no facilitar los datos personales solicitados o el no aceptar la presente pol\u00edtica de protecci\u00f3n de datos supone la imposibilidad de subscribirse, registrarse o recibir informaci\u00f3n de los productos y servicios del Prestador.<\/p>\n<p>En conformidad con lo que disponen las normativas vigentes en protecci\u00f3n de datos personales, el Prestador est\u00e1 cumpliendo con todas las disposiciones de las normativas RGPD y LOPD para el tratamiento de los datos personales de su responsabilidad, y manifiestamente con los principios descritos al art. 5 del RGPD y al art. 4 de la LOPD, por los cuales son tratados de manera l\u00edcita, leal y transparente en relaci\u00f3n con el interesado y adecuadas, pertinentes y limitados al que es necesario en relaci\u00f3n con los fines para los cuales son tratados.<\/p>\n<h5>Seguridad de sus datos<\/h5>\n<p>Para proteger sus datos personales, el Titular toma todas las precauciones razonables y sigue las mejores pr\u00e1cticas de la industria para evitar su p\u00e9rdida, mal uso, acceso indebido, divulgaci\u00f3n, alteraci\u00f3n o destrucci\u00f3n de los mismos. garantiza que ha implementado pol\u00edticas t\u00e9cnicas y organizativas apropiadas para aplicar las medidas de seguridad que establecen el RGPD y la LOPD para proteger los derechos y libertades de los Usuarios.<\/p>\n<p>De acuerdo con estas normativas, le informamos que tiene derecho a solicitar el acceso, rectificaci\u00f3n, portabilidad, supresi\u00f3n y limitaci\u00f3n de sus datos y oposici\u00f3n a su tratamiento, enviando un correo electr\u00f3nico a info@vinilosracing.es o escribiendo al apartado de correos 24 08186 Lliss\u00e0 d\u2019amunt, BARCELONA.<\/p>\n<p>Tiene derecho a retirar el consentimiento prestado en cualquier momento. La retirada del consentimiento no afectar\u00e1 a la solicitud del tratamiento efectuado antes de la retirada del consentimiento. Tambi\u00e9n tiene derecho a presentar una reclamaci\u00f3n ante la autoridad de control si considera que pueden haberse visto vulnerados sus derechos en relaci\u00f3n a la protecci\u00f3n de sus datos (agpd.es).<\/p>\n<p><strong>Derechos<\/strong><\/p>\n<p>El Titular le informa que sobre sus datos personales tiene derecho a:<\/p>\n<ul>\n<li>Solicitar el acceso a los datos almacenados.<\/li>\n<li>Solicitar una rectificaci\u00f3n o cancelaci\u00f3n.<\/li>\n<li>Solicitar la limitaci\u00f3n del tratamiento.<\/li>\n<li>Oponerse al tratamiento.<\/li>\n<\/ul>\n<p>El ejercicio de estos derechos es personal y por tanto debe ejercerlo directamente el interesado, solicit\u00e1ndolo directamente al Titular.<\/p>\n<p><strong>Confidencialidad<\/strong><\/p>\n<p>Los datos que nos facilite se tratar\u00e1n de forma confidencial.<strong>DIGITAL DESIGN WORLD SL <\/strong>ha adoptado todas las medidas t\u00e9cnicas y organizativas y todos los niveles de protecci\u00f3n necesarios para garantizar la seguridad en el tratamiento de los datos y evitar su alteraci\u00f3n, p\u00e9rdida, robo, tratamiento o acceso no autorizado, de acuerdo con el estado de la tecnolog\u00eda y naturaleza de los datos almacenados. Asimismo, se garantiza tambi\u00e9n que el tratamiento y registro en ficheros, programas, sistemas o equipos, locales y centros cumplen los requisitos y condiciones de integridad y seguridad establecidas en la normativa vigente.<\/p>\n<p><strong>DIGITAL DESIGN WORLD SL<\/strong> no ceder\u00e1 los datos personales a terceros, salvo por obligaci\u00f3n legal.\u00a0<\/p>\n<p><strong>Menores<\/strong><\/p>\n<p>Actualmente en el sitio no tratamos datos personales de menores de 14 a\u00f1os. Por ello, el usuario que haga cualquier uso de los formularios y\/o comentarios, garantiza que es mayor de 14 a\u00f1os y ser\u00e1 enteramente responsable de esta declaraci\u00f3n y del acceso y correcto uso del sitio, uso y acceso, pudiera serle impartida por el sitio.<\/p>\n<h4>Resumen de servicios ofrecidos por terceros en el sitio<\/h4>\n<p>Para prestar los servicios\u00a0 estrictamente necesarios para el desarrollo\u00a0 utilizo los siguientes prestadores bajo sus correspondientes condiciones de privacidad:<\/p>\n<ul>\n<li><strong>Hosting<\/strong>: El hosting del sitio web es 100% seguro. Utilizamos certificados\u00a0<strong>SSL<\/strong>\u00a0en todo el sitio.Un\u00a0<b>certificado SSL<\/b>\u00a0es un\u00a0<b>certificado<\/b>\u00a0digital que autentica la identidad de un sitio web y habilita una conexi\u00f3n cifrada. La sigla\u00a0<b>SSL<\/b>\u00a0significa Secure Sockets Layer (Capa de sockets seguros), un protocolo de seguridad que crea un enlace cifrado entre un servidor web y un navegador web. Esta conexi\u00f3n segura garantiza que todos los datos transmitidos desde el navegador al servidor permanecer\u00e1n privados y que tus datos est\u00e1n a salvo de los hackers o cualquier persona que intente espiar\/robar esa informaci\u00f3n.\u00a0<\/li>\n<li><strong>Plataforma\u00a0<\/strong>: El sitio, est\u00e1 basada en WordPress, que se actualiza constamente para evitar problemas de seguridad.<\/li>\n<li><strong>Servicios de Mensajer\u00eda:\u00a0<\/strong>Los correos electr\u00f3nicos o newsletter est\u00e1n gestionados por Mailchimp. Al utilizar los servicios de esta plataforma para la realizaci\u00f3n de campa\u00f1as de marketing por correo electr\u00f3nico,Mailchimp tiene sus servidores , fuera de la UE en USA y est\u00e1 acogido al acuerdo EU-US Privacy Shield, cuya informaci\u00f3n est\u00e1 disponible\u00a0<a href=\"https:\/\/www.privacyshield.gov\/list\">aqu\u00ed.<\/a>\u00a0<\/li>\n<li><b>Servicio de an\u00e1lisis: Google Analytics:<\/b>\u00a0un servicio anal\u00edtico de web prestado por Google, Inc., una compa\u00f1\u00eda de Delaware cuya oficina principal est\u00e1 en 1600 Amphitheatre Parkway, Mountain View (California), CA 94043, Estados Unidos (\u201cGoogle\u201d). Google Analytics utiliza \u201ccookies\u201d, que son archivos de texto ubicados en tu ordenador, para ayudar al sitio a analizar el uso que hacen los usuarios del sitio web. La informaci\u00f3n que genera la cookie acerca de su uso del sitio (incluyendo tu direcci\u00f3n IP) ser\u00e1 directamente transmitida y archivada por Google en los servidores de Estados Unidos<\/li>\n<\/ul>\n<p>Se recogen Datos Personales para las siguientes finalidades y utilizando los siguientes servicios:<\/p>\n<h4>Contactar con el Usuario<\/h4>\n<h4>Formulario de contacto (esta P\u00e1gina Web)<\/h4>\n<p>Al rellenar el formulario de contacto con sus Datos, el Usuario autoriza a esta P\u00e1gina Web a utilizar dichos datos para responder a solicitudes de informaci\u00f3n, de presupuestos o de cualquier otro tipo que est\u00e9 indicado en el encabezamiento del formulario.<\/p>\n<p>Datos Personales recogidos: direcci\u00f3n de correo electr\u00f3nico y nombre.<\/p>\n<h4>Lista de correo o newsletter (esta P\u00e1gina Web)<\/h4>\n<p>Al registrarse en la lista de correo o el newsletter, la direcci\u00f3n de correo electr\u00f3nico del Usuario ser\u00e1 incluida autom\u00e1ticamente en una lista de contactos a los que se les podr\u00e1n remitir mensajes de correo electr\u00f3nico con informaci\u00f3n comercial o promocional relativa a esta P\u00e1gina Web.\u00a0<\/p>\n<p>Datos Personales recogidos: direcci\u00f3n de correo electr\u00f3nico y nombre.<\/p>\n<h4>Estad\u00edsticas<\/h4>\n<p>Los servicios contenidos en esta secci\u00f3n permiten al Titular monitorizar y analizar el tr\u00e1fico web y pueden ser utilizados para rastrear el comportamiento del Usuario.<\/p>\n<h4>Google Analytics (Google Inc.)<\/h4>\n<p>Google Analytics es un servicio de an\u00e1lisis web prestado por Google Inc. (\u201cGoogle\u201d). Google utiliza los Datos recogidos para rastrear y examinar el uso de esta P\u00e1gina Web, para preparar informes de sus actividades y compartirlos con otros servicios de Google.<br \/>Google puede utilizar los Datos recogidos para contextualizar y personalizar los anuncios de su propia red de publicidad.<\/p>\n<p>Datos Personales recogidos: Cookie y Datos de uso.<\/p>\n<p>Lugar de tratamiento: EE.UU. \u2013\u00a0<a href=\"https:\/\/www.google.com\/intl\/es\/policies\/privacy\/\" target=\"_blank\" rel=\"noopener\">Pol\u00edtica de privacidad<\/a>\u00a0\u2013\u00a0<a href=\"https:\/\/policies.google.com\/privacy?hl=es\" target=\"_blank\" rel=\"noopener\">Opt Out<\/a><\/p>\n<h4>Gesti\u00f3n de contactos y env\u00edo de mensajes<\/h4>\n<p>Este tipo de servicios permiten gestionar una base de datos de direcciones de correo electr\u00f3nico, n\u00fameros de tel\u00e9fono u otra informaci\u00f3n de contacto para comunicarse con el Usuario.<br \/>Tambi\u00e9n es posible que estos servicios recojan datos relativos a la fecha y la hora en las que el Usuario visualiz\u00f3 el mensaje, as\u00ed como sobre las interacciones del Usuario con dicho mensaje, tales como clicar en enlaces insertados en el mensaje.<\/p>\n<h4>Interacci\u00f3n con redes sociales y plataformas externas<\/h4>\n<p>Este tipo de servicios permiten interactuar con redes sociales u otras plataformas externas directamente desde las p\u00e1ginas de esta P\u00e1gina Web.<br \/>Las interacciones y la informaci\u00f3n obtenida por esta P\u00e1gina Web siempre estar\u00e1n sometidas a la configuraci\u00f3n de privacidad del Usuario en cada red social.<br \/>En caso de que se instale un servicio que permita interactuar con redes sociales, es posible que aunque los Usuarios no utilicen el servicio, \u00e9ste recoja datos de tr\u00e1fico web relativos a las p\u00e1ginas en las que est\u00e9n instalados.<\/p>\n<h4>Registro directo (esta P\u00e1gina Web)<\/h4>\n<p>El Usuario se registra rellenando el formulario de registro y proporcionando sus Datos Personales directamente a esta P\u00e1gina Web.<\/p>\n<p>Datos Personales recogidos: direcci\u00f3n de correo electr\u00f3nico y nombre.<\/p>\n<p><strong>Aceptaci\u00f3n y consentimiento<\/strong><\/p>\n<p>Como Usuario del Sitio Web declara haber sido informado de las condiciones sobre protecci\u00f3n de datos de car\u00e1cter personal, acepta y consiente el tratamiento de los mismos por parte del Titular en la forma y para las finalidades indicadas en esta Pol\u00edtica de Privacidad.<\/p>\n<p>Para contactar con el Titular, suscribirse a un bolet\u00edn o hacer comentarios en este sitio web debe aceptar esta Pol\u00edtica de Privacidad.<\/p>\n<p class=\"p2\"><span class=\"s1\"><b>Modificaci\u00f3n de la pol\u00edtica de privacidad<\/b><\/span><\/p>\n<p class=\"p1\"><span class=\"s1\"><strong>DIGITAL DESIGN WORLD SL<\/strong> se reserva el derecho a modificar la presente pol\u00edtica para adaptarla a novedades legislativas o jurisprudenciales as\u00ed como a pr\u00e1cticas de la industria. En dichos supuestos, el Prestador anunciar\u00e1 en esta p\u00e1gina los cambios introducidos con razonable antelaci\u00f3n a su puesta en pr\u00e1ctica.<\/span><\/p>\n<\/div>\n<\/div>\n<\/div>\n<\/div>\n<\/div>\n<\/section>\n<\/div>\n<\/div>\n<\/div>\n<\/section>\n<\/div>\n<\/div>\n<\/div>\n<\/div>\n<\/article>\n<\/div>\n<\/div>\n<\/div>\n<\/div>\n<\/div>\n<\/main>\t\t\t\t\t\t<\/div>\n\t\t\t\t<\/div>\n\t\t\t\t\t<\/div>\n\t\t<\/div>\n\t\t\t\t\t\t\t<\/div>\n\t\t<\/section>\n\t\t\t\t\t\t\t<\/div>\n\t\t","protected":false},"excerpt":{"rendered":"<p>Pol\u00edtica de Privacidad En cumplimiento del Cap\u00edtulo II de la ley 34\/2002, LSSICE, los informamos que la presente p\u00e1gina web es propiedad de DIGITAL DESIGN WORLD SL , de ahora en adelante tambi\u00e9n el Prestador, domiciliado en\u00a0 \u00a0Barcelona catalunya, con CIF B65101172, y email: info@vinilosracing.es El Prestador, como responsable del presente Sitio web y en<a class=\"more-link\" href=\"https:\/\/vinilosracing.es\/index.php\/politica-de-privacidad\/\">Ver m\u00e1s  &#10230;<\/a><\/p>\n","protected":false},"author":1,"featured_media":0,"parent":0,"menu_order":0,"comment_status":"closed","ping_status":"open","template":"","meta":{"footnotes":""},"class_list":["post-2","page","type-page","status-publish","hentry"],"yoast_head":"<!-- This site is optimized with the Yoast SEO Premium plugin v19.5 (Yoast SEO v19.10) - https:\/\/yoast.com\/wordpress\/plugins\/seo\/ -->\n<title>Pol\u00edtica de Privacidad - VinilosRacing<\/title>\n<meta name=\"robots\" content=\"index, follow, max-snippet:-1, max-image-preview:large, max-video-preview:-1\" \/>\n<link rel=\"canonical\" href=\"https:\/\/vinilosracing.es\/index.php\/politica-de-privacidad\/\" \/>\n<meta property=\"og:locale\" content=\"es_ES\" \/>\n<meta property=\"og:type\" content=\"article\" \/>\n<meta property=\"og:title\" content=\"Pol\u00edtica de Privacidad\" \/>\n<meta property=\"og:description\" content=\"Pol\u00edtica de Privacidad En cumplimiento del Cap\u00edtulo II de la ley 34\/2002, LSSICE, los informamos que la presente p\u00e1gina web es propiedad de DIGITAL DESIGN WORLD SL , de ahora en adelante tambi\u00e9n el Prestador, domiciliado en\u00a0 \u00a0Barcelona catalunya, con CIF B65101172, y email: info@vinilosracing.es El Prestador, como responsable del presente Sitio web y enVer m\u00e1s &#10230;\" \/>\n<meta property=\"og:url\" content=\"https:\/\/vinilosracing.es\/index.php\/politica-de-privacidad\/\" \/>\n<meta property=\"og:site_name\" content=\"VinilosRacing\" \/>\n<meta property=\"article:modified_time\" content=\"2022-02-17T19:48:00+00:00\" \/>\n<meta name=\"twitter:card\" content=\"summary_large_image\" \/>\n<meta name=\"twitter:label1\" content=\"Tiempo de lectura\" \/>\n\t<meta name=\"twitter:data1\" content=\"9 minutos\" \/>\n<script type=\"application\/ld+json\" class=\"yoast-schema-graph\">{\"@context\":\"https:\/\/schema.org\",\"@graph\":[{\"@type\":\"WebPage\",\"@id\":\"https:\/\/vinilosracing.es\/index.php\/politica-de-privacidad\/\",\"url\":\"https:\/\/vinilosracing.es\/index.php\/politica-de-privacidad\/\",\"name\":\"Pol\u00edtica de Privacidad - VinilosRacing\",\"isPartOf\":{\"@id\":\"https:\/\/vinilosracing.es\/#website\"},\"datePublished\":\"2022-02-15T18:03:23+00:00\",\"dateModified\":\"2022-02-17T19:48:00+00:00\",\"breadcrumb\":{\"@id\":\"https:\/\/vinilosracing.es\/index.php\/politica-de-privacidad\/#breadcrumb\"},\"inLanguage\":\"es\",\"potentialAction\":[{\"@type\":\"ReadAction\",\"target\":[\"https:\/\/vinilosracing.es\/index.php\/politica-de-privacidad\/\"]}]},{\"@type\":\"BreadcrumbList\",\"@id\":\"https:\/\/vinilosracing.es\/index.php\/politica-de-privacidad\/#breadcrumb\",\"itemListElement\":[{\"@type\":\"ListItem\",\"position\":1,\"name\":\"Home\",\"item\":\"https:\/\/vinilosracing.es\/\"},{\"@type\":\"ListItem\",\"position\":2,\"name\":\"Pol\u00edtica de Privacidad\"}]},{\"@type\":\"WebSite\",\"@id\":\"https:\/\/vinilosracing.es\/#website\",\"url\":\"https:\/\/vinilosracing.es\/\",\"name\":\"VinilosRacing\",\"description\":\"Tienda de vinilos personalizados, infantiles, y pegatinas. los mejores precios en Barcelona\",\"publisher\":{\"@id\":\"https:\/\/vinilosracing.es\/#organization\"},\"alternateName\":\"vinilos decorativos para coche, moto, locales y hogar, vinilos-racing, VinilosRacing\",\"potentialAction\":[{\"@type\":\"SearchAction\",\"target\":{\"@type\":\"EntryPoint\",\"urlTemplate\":\"https:\/\/vinilosracing.es\/?s={search_term_string}\"},\"query-input\":\"required name=search_term_string\"}],\"inLanguage\":\"es\"},{\"@type\":\"Organization\",\"@id\":\"https:\/\/vinilosracing.es\/#organization\",\"name\":\"VinilosRacing\",\"alternateName\":\"vinilos decorativos para coche, moto, locales y hogar, vinilos-racing, VinilosRacing\",\"url\":\"https:\/\/vinilosracing.es\/\",\"logo\":{\"@type\":\"ImageObject\",\"inLanguage\":\"es\",\"@id\":\"https:\/\/vinilosracing.es\/#\/schema\/logo\/image\/\",\"url\":\"https:\/\/vinilosracing.es\/wp-content\/uploads\/2012\/01\/logo-gris-2.png\",\"contentUrl\":\"https:\/\/vinilosracing.es\/wp-content\/uploads\/2012\/01\/logo-gris-2.png\",\"width\":2069,\"height\":2069,\"caption\":\"VinilosRacing\"},\"image\":{\"@id\":\"https:\/\/vinilosracing.es\/#\/schema\/logo\/image\/\"}}]}<\/script>\n<!-- \/ Yoast SEO Premium plugin. -->","yoast_head_json":{"title":"Pol\u00edtica de Privacidad - VinilosRacing","robots":{"index":"index","follow":"follow","max-snippet":"max-snippet:-1","max-image-preview":"max-image-preview:large","max-video-preview":"max-video-preview:-1"},"canonical":"https:\/\/vinilosracing.es\/index.php\/politica-de-privacidad\/","og_locale":"es_ES","og_type":"article","og_title":"Pol\u00edtica de Privacidad","og_description":"Pol\u00edtica de Privacidad En cumplimiento del Cap\u00edtulo II de la ley 34\/2002, LSSICE, los informamos que la presente p\u00e1gina web es propiedad de DIGITAL DESIGN WORLD SL , de ahora en adelante tambi\u00e9n el Prestador, domiciliado en\u00a0 \u00a0Barcelona catalunya, con CIF B65101172, y email: info@vinilosracing.es El Prestador, como responsable del presente Sitio web y enVer m\u00e1s &#10230;","og_url":"https:\/\/vinilosracing.es\/index.php\/politica-de-privacidad\/","og_site_name":"VinilosRacing","article_modified_time":"2022-02-17T19:48:00+00:00","twitter_card":"summary_large_image","twitter_misc":{"Tiempo de lectura":"9 minutos"},"schema":{"@context":"https:\/\/schema.org","@graph":[{"@type":"WebPage","@id":"https:\/\/vinilosracing.es\/index.php\/politica-de-privacidad\/","url":"https:\/\/vinilosracing.es\/index.php\/politica-de-privacidad\/","name":"Pol\u00edtica de Privacidad - VinilosRacing","isPartOf":{"@id":"https:\/\/vinilosracing.es\/#website"},"datePublished":"2022-02-15T18:03:23+00:00","dateModified":"2022-02-17T19:48:00+00:00","breadcrumb":{"@id":"https:\/\/vinilosracing.es\/index.php\/politica-de-privacidad\/#breadcrumb"},"inLanguage":"es","potentialAction":[{"@type":"ReadAction","target":["https:\/\/vinilosracing.es\/index.php\/politica-de-privacidad\/"]}]},{"@type":"BreadcrumbList","@id":"https:\/\/vinilosracing.es\/index.php\/politica-de-privacidad\/#breadcrumb","itemListElement":[{"@type":"ListItem","position":1,"name":"Home","item":"https:\/\/vinilosracing.es\/"},{"@type":"ListItem","position":2,"name":"Pol\u00edtica de Privacidad"}]},{"@type":"WebSite","@id":"https:\/\/vinilosracing.es\/#website","url":"https:\/\/vinilosracing.es\/","name":"VinilosRacing","description":"Tienda de vinilos personalizados, infantiles, y pegatinas. los mejores precios en Barcelona","publisher":{"@id":"https:\/\/vinilosracing.es\/#organization"},"alternateName":"vinilos decorativos para coche, moto, locales y hogar, vinilos-racing, VinilosRacing","potentialAction":[{"@type":"SearchAction","target":{"@type":"EntryPoint","urlTemplate":"https:\/\/vinilosracing.es\/?s={search_term_string}"},"query-input":"required name=search_term_string"}],"inLanguage":"es"},{"@type":"Organization","@id":"https:\/\/vinilosracing.es\/#organization","name":"VinilosRacing","alternateName":"vinilos decorativos para coche, moto, locales y hogar, vinilos-racing, VinilosRacing","url":"https:\/\/vinilosracing.es\/","logo":{"@type":"ImageObject","inLanguage":"es","@id":"https:\/\/vinilosracing.es\/#\/schema\/logo\/image\/","url":"https:\/\/vinilosracing.es\/wp-content\/uploads\/2012\/01\/logo-gris-2.png","contentUrl":"https:\/\/vinilosracing.es\/wp-content\/uploads\/2012\/01\/logo-gris-2.png","width":2069,"height":2069,"caption":"VinilosRacing"},"image":{"@id":"https:\/\/vinilosracing.es\/#\/schema\/logo\/image\/"}}]}},"_links":{"self":[{"href":"https:\/\/vinilosracing.es\/index.php\/wp-json\/wp\/v2\/pages\/2","targetHints":{"allow":["GET"]}}],"collection":[{"href":"https:\/\/vinilosracing.es\/index.php\/wp-json\/wp\/v2\/pages"}],"about":[{"href":"https:\/\/vinilosracing.es\/index.php\/wp-json\/wp\/v2\/types\/page"}],"author":[{"embeddable":true,"href":"https:\/\/vinilosracing.es\/index.php\/wp-json\/wp\/v2\/users\/1"}],"replies":[{"embeddable":true,"href":"https:\/\/vinilosracing.es\/index.php\/wp-json\/wp\/v2\/comments?post=2"}],"version-history":[{"count":3,"href":"https:\/\/vinilosracing.es\/index.php\/wp-json\/wp\/v2\/pages\/2\/revisions"}],"predecessor-version":[{"id":8113,"href":"https:\/\/vinilosracing.es\/index.php\/wp-json\/wp\/v2\/pages\/2\/revisions\/8113"}],"wp:attachment":[{"href":"https:\/\/vinilosracing.es\/index.php\/wp-json\/wp\/v2\/media?parent=2"}],"curies":[{"name":"wp","href":"https:\/\/api.w.org\/{rel}","templated":true}]}}